
{"id":279355,"date":"2025-06-04T14:05:24","date_gmt":"2025-06-04T17:05:24","guid":{"rendered":"https:\/\/selectce.com.br\/?page_id=279355"},"modified":"2026-02-01T00:08:56","modified_gmt":"2026-02-01T03:08:56","slug":"agenda","status":"publish","type":"page","link":"https:\/\/selectce.com.br\/en\/agenda\/","title":{"rendered":"Agenda"},"content":{"rendered":"<div class=\"et_pb_section_0 et_pb_section et_section_regular et_block_section\"><div class=\"et_pb_row_0 et_pb_row et_block_row\"><div class=\"et_pb_column_0 et_pb_column et_pb_column_4_4 et-last-child et_block_column et_pb_css_mix_blend_mode_passthrough\"><div class=\"et_pb_image_0 et_pb_image et_pb_module et_block_module\"><span class=\"et_pb_image_wrap\"><img loading=\"lazy\" decoding=\"async\" src=\"https:\/\/selectce.com.br\/wp-content\/uploads\/2025\/01\/LOGO_SELECT_white.png\" width=\"380\" height=\"75\" srcset=\"https:\/\/selectce.com.br\/wp-content\/uploads\/2025\/01\/LOGO_SELECT_white.png 380w, https:\/\/selectce.com.br\/wp-content\/uploads\/2025\/01\/LOGO_SELECT_white-300x59.png 300w\" sizes=\"(max-width: 380px) 100vw, 380px\" class=\"wp-image-233607\" title=\"LOGO_SELECT_white\" \/><\/span><\/div><\/div><\/div><div class=\"et_pb_row_1 et_pb_row et_block_row\"><div class=\"et_pb_column_1 et_pb_column et_pb_column_1_3 et_block_column et_pb_css_mix_blend_mode_passthrough\"><div class=\"et_pb_text_0 et_pb_text et_pb_bg_layout_light et_pb_module et_block_module et_pb_text_align_left\"><div class=\"et_pb_text_inner\"><p>AGENDAMENTO SELECT<\/p>\n<\/div><\/div><div class=\"et_pb_text_1 et_pb_text et_pb_bg_layout_light et_pb_module et_block_module et_pb_text_align_left\"><div class=\"et_pb_text_inner\"><h1>AGENDE SUA REUNI\u00c3O<\/h1>\n<\/div><\/div><div class=\"et_pb_text_2 et_pb_text et_pb_bg_layout_light et_pb_module et_block_module et_pb_text_align_left\"><div class=\"et_pb_text_inner\"><p><strong>Vamos dar o pr\u00f3ximo passo juntos?<\/strong><br data-start=\"125\" data-end=\"128\" \/>Agende um hor\u00e1rio para conversarmos sobre seus desafios e objetivos. Estamos prontos para ouvir, entender e construir solu\u00e7\u00f5es estrat\u00e9gicas com voc\u00ea.<strong><\/strong><\/p>\n<\/div><\/div><\/div><div class=\"et_pb_column_2 et_pb_column et_pb_column_2_3 et-last-child et_block_column et_pb_css_mix_blend_mode_passthrough\"><div class=\"et_pb_text_3 et_pb_text et_pb_bg_layout_light et_pb_module et_block_module et_pb_text_align_left\"><div class=\"et_pb_text_inner\"><div class='fluentform ff-default fluentform_wrapper_4 ffs_default_wrap'><form data-form_id=\"4\" id=\"fluentform_4\" class=\"frm-fluent-form fluent_form_4 ff-el-form-top ff_form_instance_4_1 ff-form-loading ffs_default\" data-form_instance=\"ff_form_instance_4_1\" method=\"POST\" action=\"\" ><fieldset  style=\"border: none!important;margin: 0!important;padding: 0!important;background-color: transparent!important;box-shadow: none!important;outline: none!important; min-inline-size: 100%;\">\n                    <legend class=\"ff_screen_reader_title\" style=\"display: block; margin: 0!important;padding: 0!important;height: 0!important;text-indent: -999999px;width: 0!important;overflow:hidden;\">Form select - servi\u00e7os<\/legend><input type='hidden' name='__fluent_form_embded_post_id' value='279355' \/><input type=\"hidden\" id=\"_fluentform_4_fluentformnonce\" name=\"_fluentform_4_fluentformnonce\" value=\"7cce657abd\" \/><input type=\"hidden\" name=\"_wp_http_referer\" value=\"\/en\/wp-json\/wp\/v2\/pages\/279355\" \/><div data-name=\"ff_cn_id_1\"  class='ff-t-container ff-column-container ff_columns_total_2'><div class='ff-t-cell ff-t-column-1' style='flex-basis: 50%;'><div data-type=\"name-element\" data-name=\"names\" class=\"ff-field_container ff-name-field-wrapper\" ><div class='ff-t-container'><div class='ff-t-cell'><div class='ff-el-group'><div class=\"ff-el-input--label ff-el-is-required asterisk-right\"><label for='ff_4_names_first_name_' >Nome Completo<\/label><\/div><div class='ff-el-input--content'><input type=\"text\" name=\"names[first_name]\" id=\"ff_4_names_first_name_\" class=\"ff-el-form-control\" placeholder=\"Seu nome completo\" aria-invalid=\"false\" aria-required=\"true\"><\/div><\/div><\/div><\/div><\/div><\/div><div class='ff-t-cell ff-t-column-2' style='flex-basis: 50%;'><div class='ff-el-group'><div class=\"ff-el-input--label ff-el-is-required asterisk-right\"><label for='ff_4_email' aria-label=\"Email\">Email<\/label><\/div><div class='ff-el-input--content'><input type=\"email\" name=\"email\" id=\"ff_4_email\" class=\"ff-el-form-control\" placeholder=\"Seu email\" data-name=\"email\"  aria-invalid=\"false\" aria-required=\"true\"><\/div><\/div><\/div><\/div><div data-name=\"ff_cn_id_2\"  class='ff-t-container ff-column-container ff_columns_total_2'><div class='ff-t-cell ff-t-column-1' style='flex-basis: 50%;'><div class='ff-el-group'><div class=\"ff-el-input--label ff-el-is-required asterisk-right\"><label for='ff_4_numeric-field' aria-label=\"Whatsapp\">Whatsapp<\/label><\/div><div class='ff-el-input--content'><input type=\"number\" name=\"numeric-field\" id=\"ff_4_numeric-field\" class=\"ff-el-form-control\" placeholder=\"Qual seu whatsapp?\" data-name=\"numeric-field\" inputmode=\"numeric\" step=\"any\"  aria-invalid=\"false\" aria-required=\"true\"><\/div><\/div><\/div><div class='ff-t-cell ff-t-column-2' style='flex-basis: 50%;'><div class='ff-el-group'><div class=\"ff-el-input--label ff-el-is-required asterisk-right\"><label for='ff_4_input_text' aria-label=\"Empresa\">Empresa<\/label><\/div><div class='ff-el-input--content'><input type=\"text\" name=\"input_text\" class=\"ff-el-form-control\" placeholder=\"Qual sua empresa?\" data-name=\"input_text\" id=\"ff_4_input_text\"  aria-invalid=\"false\" aria-required=\"true\"><\/div><\/div><\/div><\/div><div class='ff-el-group has-conditions'><div class=\"ff-el-input--label ff-el-is-required asterisk-right\"><label  aria-label=\"Como podemos ajudar voc\u00ea?\">Como podemos ajudar voc\u00ea?<\/label><\/div><div class='ff-el-input--content'><div class='ff-el-form-check ff-el-form-check-'><label class='ff-el-form-check-label' for=\"input_radio_2bae63eee9e3705ab3521d6fdba36634\"><input  type=\"radio\" name=\"input_radio\" data-name=\"input_radio\" class=\"ff-el-form-check-input ff-el-form-check-radio\" value=\"Site ou Lojas Virtual\"  id='input_radio_2bae63eee9e3705ab3521d6fdba36634' aria-label='Site ou Lojas Virtual' aria-invalid='false' aria-required=\"true\"> <span>Site ou Lojas Virtual<\/span><\/label><\/div><div class='ff-el-form-check ff-el-form-check-'><label class='ff-el-form-check-label' for=\"input_radio_21a492d166ca94f5f6baf7a99a81ff92\"><input  type=\"radio\" name=\"input_radio\" data-name=\"input_radio\" class=\"ff-el-form-check-input ff-el-form-check-radio\" value=\"Gest\u00e3o de Tr\u00e1fego Pago\"  id='input_radio_21a492d166ca94f5f6baf7a99a81ff92' aria-label='Gest\u00e3o de Tr\u00e1fego Pago' aria-invalid='false' aria-required=\"true\"> <span>Gest\u00e3o de Tr\u00e1fego Pago<\/span><\/label><\/div><div class='ff-el-form-check ff-el-form-check-'><label class='ff-el-form-check-label' for=\"input_radio_813da62a610c2757d72473413bb7c909\"><input  type=\"radio\" name=\"input_radio\" data-name=\"input_radio\" class=\"ff-el-form-check-input ff-el-form-check-radio\" value=\"Automa\u00e7\u00e3o de Marketing\"  id='input_radio_813da62a610c2757d72473413bb7c909' aria-label='Automa\u00e7\u00e3o de Marketing' aria-invalid='false' aria-required=\"true\"> <span>Automa\u00e7\u00e3o de Marketing<\/span><\/label><\/div><div class='ff-el-form-check ff-el-form-check-'><label class='ff-el-form-check-label' for=\"input_radio_cd8b1d0ff567345029189012489a60d5\"><input  type=\"radio\" name=\"input_radio\" data-name=\"input_radio\" class=\"ff-el-form-check-input ff-el-form-check-radio\" value=\"Agente de Intelig\u00eancia Artificial\"  id='input_radio_cd8b1d0ff567345029189012489a60d5' aria-label='Agente de Intelig\u00eancia Artificial' aria-invalid='false' aria-required=\"true\"> <span>Agente de Intelig\u00eancia Artificial<\/span><\/label><\/div><div class='ff-el-form-check ff-el-form-check-'><label class='ff-el-form-check-label' for=\"input_radio_c059fa807a1bb075532ee2e5fd096286\"><input  type=\"radio\" name=\"input_radio\" data-name=\"input_radio\" class=\"ff-el-form-check-input ff-el-form-check-radio\" value=\"Branding\"  id='input_radio_c059fa807a1bb075532ee2e5fd096286' aria-label='Branding' aria-invalid='false' aria-required=\"true\"> <span>Branding<\/span><\/label><\/div><div class='ff-el-form-check ff-el-form-check-'><label class='ff-el-form-check-label' for=\"input_radio_dbaf7d36c121b1a97ecb4533668b0d0d\"><input  type=\"radio\" name=\"input_radio\" data-name=\"input_radio\" class=\"ff-el-form-check-input ff-el-form-check-radio\" value=\"Outros servi\u00e7os\"  id='input_radio_dbaf7d36c121b1a97ecb4533668b0d0d' aria-label='Outros servi\u00e7os' aria-invalid='false' aria-required=\"true\"> <span>Outros servi\u00e7os<\/span><\/label><\/div><\/div><\/div><div class='ff-el-group has-conditions'><div class=\"ff-el-input--label ff-el-is-required asterisk-right\"><label for='ff_4_dropdown' aria-label=\"Qual sua verba dispon\u00edvel para esse projeto?\">Qual sua verba dispon\u00edvel para esse projeto?<\/label><\/div><div class='ff-el-input--content'><select name=\"dropdown\" id=\"ff_4_dropdown\" class=\"ff-el-form-control\" data-name=\"dropdown\" data-calc_value=\"0\"  aria-invalid=\"false\" aria-required=\"true\"><option value=\"\">- Selecione uma op\u00e7\u00e3o -<\/option><option value=\"R$3.000 - R$5.000\"  >R$3.000 - R$5.000<\/option><option value=\"R$5.000 - R$10.000\"  >R$5.000 - R$10.000<\/option><option value=\"Acima de R$10.000\"  >Acima de R$10.000<\/option><\/select><\/div><\/div><div class='ff-el-group'><div class=\"ff-el-input--label ff-el-is-required asterisk-right\"><label for='ff_4_message' aria-label=\"Descreva sua empresa e seus objetivos\">Descreva sua empresa e seus objetivos<\/label><\/div><div class='ff-el-input--content'><textarea aria-invalid=\"false\" aria-required=\"true\" name=\"message\" id=\"ff_4_message\" class=\"ff-el-form-control\" placeholder=\"Fale sobre sua empresa, seus objetivos, etc.\" rows=\"4\" cols=\"2\" data-name=\"message\" ><\/textarea><\/div><\/div><div class='ff-el-group ff-text-right ff_submit_btn_wrapper'><button type=\"submit\" class=\"ff-btn ff-btn-submit ff-btn-md ff_btn_style wpf_has_custom_css\" >Enviar<\/button><\/div><\/fieldset><input type=\"hidden\" name=\"trp-form-language\" value=\"en\"\/><\/form><div id='fluentform_4_errors' class='ff-errors-in-stack ff_form_instance_4_1 ff-form-loading_errors ff_form_instance_4_1_errors'><\/div><\/div>        <script type=\"text\/javascript\">\n            window.fluent_form_ff_form_instance_4_1 = {\"id\":\"4\",\"settings\":{\"layout\":{\"labelPlacement\":\"top\",\"helpMessagePlacement\":\"with_label\",\"errorMessagePlacement\":\"inline\",\"cssClassName\":\"\",\"asteriskPlacement\":\"asterisk-right\"},\"restrictions\":{\"denyEmptySubmission\":{\"enabled\":false}}},\"form_instance\":\"ff_form_instance_4_1\",\"form_id_selector\":\"fluentform_4\",\"rules\":{\"names[first_name]\":{\"required\":{\"value\":true,\"message\":\"Digite seu nome completo\",\"global\":false,\"global_message\":\"Este campo \\u00e9 obrigat\\u00f3rio\"}},\"names[middle_name]\":{\"required\":{\"value\":false,\"message\":\"This field is required\",\"global\":false,\"global_message\":\"Este campo \\u00e9 obrigat\\u00f3rio\"}},\"names[last_name]\":{\"required\":{\"value\":false,\"message\":\"This field is required\",\"global\":false,\"global_message\":\"Este campo \\u00e9 obrigat\\u00f3rio\"}},\"email\":{\"required\":{\"value\":true,\"message\":\"O campo de email \\u00e9 obrigat\\u00f3rio\",\"global\":false,\"global_message\":\"Este campo \\u00e9 obrigat\\u00f3rio\"},\"email\":{\"value\":true,\"message\":\"Precisamos saber qual seu email\",\"global\":false,\"global_message\":\"Este campo deve conter um e-mail v\\u00e1lido\"}},\"numeric-field\":{\"required\":{\"value\":true,\"message\":\"O campo de WhatsApp \\u00e9 obrigat\\u00f3rio\",\"global\":false,\"global_message\":\"Este campo \\u00e9 obrigat\\u00f3rio\"},\"numeric\":{\"value\":true,\"message\":\"This field must contain numeric value\",\"global\":false,\"global_message\":\"Este campo deve conter valor num\\u00e9rico\"},\"min\":{\"value\":\"\",\"message\":\"Minimum value is \",\"global\":false,\"global_message\":\"A valida\\u00e7\\u00e3o falhou para o valor m\\u00ednimo\"},\"max\":{\"value\":\"\",\"message\":\"Maximum value is \",\"global\":false,\"global_message\":\"A valida\\u00e7\\u00e3o falha para o valor m\\u00e1ximo\"}},\"input_text\":{\"required\":{\"value\":true,\"message\":\"Campo obrigat\\u00f3rio\",\"global\":false,\"global_message\":\"Este campo \\u00e9 obrigat\\u00f3rio\"}},\"input_radio\":{\"required\":{\"value\":true,\"message\":\"Este campo \\u00e9 obrigat\\u00f3rio\",\"global\":false,\"global_message\":\"Este campo \\u00e9 obrigat\\u00f3rio\"}},\"dropdown\":{\"required\":{\"value\":true,\"message\":\"Este campo \\u00e9 obrigat\\u00f3rio\",\"global_message\":\"Este campo \\u00e9 obrigat\\u00f3rio\",\"global\":false}},\"message\":{\"required\":{\"value\":true,\"message\":\"Precisamos saber sobre a sua empresa. \",\"global\":false,\"global_message\":\"Este campo \\u00e9 obrigat\\u00f3rio\"}}},\"debounce_time\":300,\"conditionals\":{\"input_radio\":{\"type\":\"all\",\"status\":true,\"conditions\":[{\"field\":\"email\",\"value\":\"@\",\"operator\":\"contains\"},{\"field\":\"names[first_name]\",\"value\":\".+\",\"operator\":\"test_regex\"}],\"condition_groups\":[{\"rules\":[{\"field\":\"\",\"value\":\"\",\"operator\":\"\"}],\"title\":\"\",\"isEditingTitle\":false,\"isPreviewOpen\":false,\"isGroupOpen\":true}]},\"dropdown\":{\"type\":\"any\",\"status\":true,\"conditions\":[{\"field\":\"input_radio\",\"value\":\"Site ou Lojas Virtual\",\"operator\":\"=\"},{\"field\":\"input_radio\",\"value\":\"Gest\\u00e3o de Tr\\u00e1fego Pago\",\"operator\":\"=\"},{\"field\":\"input_radio\",\"value\":\"Automa\\u00e7\\u00e3o de Marketing\",\"operator\":\"=\"},{\"field\":\"input_radio\",\"value\":\"Agente de Intelig\\u00eancia Artificial\",\"operator\":\"=\"},{\"field\":\"input_radio\",\"value\":\"Branding\",\"operator\":\"=\"},{\"field\":\"input_radio\",\"value\":\"Outros servi\\u00e7os\",\"operator\":\"=\"}],\"condition_groups\":[{\"rules\":[{\"field\":\"input_radio\",\"value\":\"Site ou Lojas Virtual\",\"operator\":\"=\"},{\"field\":\"\",\"value\":\"\",\"operator\":\"\"}],\"title\":\"\",\"isEditingTitle\":false,\"isPreviewOpen\":false,\"isGroupOpen\":true}]}}};\n                    <\/script>\n        \n<\/div><\/div><\/div><\/div><\/div>","protected":false},"excerpt":{"rendered":"","protected":false},"author":1,"featured_media":279466,"parent":0,"menu_order":0,"comment_status":"closed","ping_status":"closed","template":"","meta":{"footnotes":""},"class_list":["post-279355","page","type-page","status-publish","has-post-thumbnail","hentry"],"_links":{"self":[{"href":"https:\/\/selectce.com.br\/en\/wp-json\/wp\/v2\/pages\/279355","targetHints":{"allow":["GET"]}}],"collection":[{"href":"https:\/\/selectce.com.br\/en\/wp-json\/wp\/v2\/pages"}],"about":[{"href":"https:\/\/selectce.com.br\/en\/wp-json\/wp\/v2\/types\/page"}],"author":[{"embeddable":true,"href":"https:\/\/selectce.com.br\/en\/wp-json\/wp\/v2\/users\/1"}],"replies":[{"embeddable":true,"href":"https:\/\/selectce.com.br\/en\/wp-json\/wp\/v2\/comments?post=279355"}],"version-history":[{"count":11,"href":"https:\/\/selectce.com.br\/en\/wp-json\/wp\/v2\/pages\/279355\/revisions"}],"predecessor-version":[{"id":280340,"href":"https:\/\/selectce.com.br\/en\/wp-json\/wp\/v2\/pages\/279355\/revisions\/280340"}],"wp:featuredmedia":[{"embeddable":true,"href":"https:\/\/selectce.com.br\/en\/wp-json\/wp\/v2\/media\/279466"}],"wp:attachment":[{"href":"https:\/\/selectce.com.br\/en\/wp-json\/wp\/v2\/media?parent=279355"}],"curies":[{"name":"wp","href":"https:\/\/api.w.org\/{rel}","templated":true}]}}