
{"id":279289,"date":"2025-05-30T11:37:48","date_gmt":"2025-05-30T14:37:48","guid":{"rendered":"https:\/\/select25.selectce.com.br\/?page_id=279289"},"modified":"2026-02-01T00:08:52","modified_gmt":"2026-02-01T03:08:52","slug":"contato","status":"publish","type":"page","link":"https:\/\/selectce.com.br\/en\/contato\/","title":{"rendered":"CONTACT"},"content":{"rendered":"<div class=\"et_pb_section_0 et_pb_section et_section_regular et_block_section\"><div class=\"et_pb_row_0 et_pb_row et_block_row\"><div class=\"et_pb_column_0 et_pb_column et_pb_column_1_3 et_block_column et_pb_css_mix_blend_mode_passthrough\"><div class=\"et_pb_text_0 et_pb_text et_pb_bg_layout_light et_pb_module et_block_module et_pb_text_align_left\"><div class=\"et_pb_text_inner\"><p>FALE CONOSCO<\/p>\n<\/div><\/div><div class=\"et_pb_text_1 et_pb_text et_pb_bg_layout_light et_pb_module et_block_module et_pb_text_align_left\"><div class=\"et_pb_text_inner\"><h1>CONTATO<\/h1>\n<\/div><\/div><div class=\"et_pb_text_2 et_pb_text et_pb_bg_layout_light et_pb_module et_block_module et_pb_text_align_left\"><div class=\"et_pb_text_inner\"><p><strong>Tem uma id\u00e9ia, projeto, d\u00favida ou proposta?<\/strong> A gente quer te ouvir.<br data-start=\"319\" data-end=\"322\" \/>Seja para tirar um plano do papel, conhecer melhor nossos servi\u00e7os, sugerir uma parceria qualquer outra d\u00favida, este \u00e9 o lugar certo para come\u00e7ar.<\/p>\n<p>Email: <span style=\"color: #403add;\"><strong><a href=\"mailto:atendimento@selectce.com.br\" style=\"color: #403add;\">atendimento@selectce.com.br<\/a><\/strong><\/span><\/p>\n<p><strong>Santa Catarina, Brasil<\/strong><\/p>\n<\/div><\/div><ul class=\"et_pb_social_media_follow_0 et_pb_social_media_follow clearfix et_pb_bg_layout_light et_pb_module et_block_module\"><li class=\"et_pb_social_media_follow_network_0 et_pb_social_media_follow_network et_pb_social_icon et_pb_social_network_link et-pb-social-fa-icon et-social-whatsapp et_pb_module et_flex_module\"><a href=\"https:\/\/web.whatsapp.com\/send?phone=5548999255168&#038;text=\" class=\"icon\" target=\"_self\" title=\"Follow on Whatsapp\" rel=\"noopener\"><span class=\"et_pb_social_media_follow_network_name\">Follow<\/span><\/a><\/li><li class=\"et_pb_social_media_follow_network_1 et_pb_social_media_follow_network et_pb_social_icon et_pb_social_network_link et-social-instagram et_pb_module et_flex_module\"><a href=\"https:\/\/instagram.com\/selectce.com.br\" class=\"icon\" target=\"_self\" title=\"Follow on Instagram\" rel=\"noopener\"><span class=\"et_pb_social_media_follow_network_name\">Follow<\/span><\/a><\/li><li class=\"et_pb_social_media_follow_network_2 et_pb_social_media_follow_network et_pb_social_icon et_pb_social_network_link et-social-linkedin et_pb_module et_flex_module\"><a href=\"https:\/\/www.linkedin.com\/company\/select-comunicacao-estrategica\" class=\"icon\" target=\"_self\" title=\"Follow on Linkedin\" rel=\"noopener\"><span class=\"et_pb_social_media_follow_network_name\">Follow<\/span><\/a><\/li><li class=\"et_pb_social_media_follow_network_3 et_pb_social_media_follow_network et_pb_social_icon et_pb_social_network_link et-social-twitter et_pb_module et_flex_module\"><a href=\"https:\/\/x.com\/selectce\" class=\"icon\" target=\"_self\" title=\"Follow on X\" rel=\"noopener\"><span class=\"et_pb_social_media_follow_network_name\">Follow<\/span><\/a><\/li><li class=\"et_pb_social_media_follow_network_4 et_pb_social_media_follow_network et_pb_social_icon et_pb_social_network_link et-pb-social-fa-icon et-social-google et_pb_module et_flex_module\"><a href=\"https:\/\/g.co\/kgs\/MK6Ui5z\" class=\"icon\" target=\"_self\" title=\"Follow on Google\" rel=\"noopener\"><span class=\"et_pb_social_media_follow_network_name\">Follow<\/span><\/a><\/li><li class=\"et_pb_social_media_follow_network_5 et_pb_social_media_follow_network et_pb_social_icon et_pb_social_network_link et-social-youtube et_pb_module et_flex_module\"><a href=\"https:\/\/www.youtube.com\/channel\/UCx4yks4wfRJCgtUl2Xtd5Hg\/\" class=\"icon\" target=\"_self\" title=\"Follow on Youtube\" rel=\"noopener\"><span class=\"et_pb_social_media_follow_network_name\">Follow<\/span><\/a><\/li><\/ul><\/div><div class=\"et_pb_column_1 et_pb_column et_pb_column_2_3 et-last-child et_block_column et_pb_css_mix_blend_mode_passthrough\"><div class=\"et_pb_text_3 et_pb_text et_pb_bg_layout_light et_pb_module et_block_module et_pb_text_align_left\"><div class=\"et_pb_text_inner\"><div class='fluentform ff-default fluentform_wrapper_10 ffs_default_wrap'><form data-form_id=\"10\" id=\"fluentform_10\" class=\"frm-fluent-form fluent_form_10 ff-el-form-top ff_form_instance_10_1 ff-form-loading ffs_default\" data-form_instance=\"ff_form_instance_10_1\" method=\"POST\" action=\"\" ><fieldset  style=\"border: none!important;margin: 0!important;padding: 0!important;background-color: transparent!important;box-shadow: none!important;outline: none!important; min-inline-size: 100%;\">\n                    <legend class=\"ff_screen_reader_title\" style=\"display: block; margin: 0!important;padding: 0!important;height: 0!important;text-indent: -999999px;width: 0!important;overflow:hidden;\">Contato geral<\/legend><input type='hidden' name='__fluent_form_embded_post_id' value='279289' \/><input type=\"hidden\" id=\"_fluentform_10_fluentformnonce\" name=\"_fluentform_10_fluentformnonce\" value=\"7cce657abd\" \/><input type=\"hidden\" name=\"_wp_http_referer\" value=\"\/en\/wp-json\/wp\/v2\/pages\/279289\" \/><div data-name=\"ff_cn_id_1\"  class='ff-t-container ff-column-container ff_columns_total_2'><div class='ff-t-cell ff-t-column-1' style='flex-basis: 50%;'><div data-type=\"name-element\" data-name=\"names\" class=\"ff-field_container ff-name-field-wrapper\" ><div class='ff-t-container'><div class='ff-t-cell'><div class='ff-el-group'><div class=\"ff-el-input--label ff-el-is-required asterisk-right\"><label for='ff_10_names_first_name_' >Nome Completo<\/label><\/div><div class='ff-el-input--content'><input type=\"text\" name=\"names[first_name]\" id=\"ff_10_names_first_name_\" class=\"ff-el-form-control\" placeholder=\"Seu nome completo\" aria-invalid=\"false\" aria-required=\"true\"><\/div><\/div><\/div><\/div><\/div><\/div><div class='ff-t-cell ff-t-column-2' style='flex-basis: 50%;'><div class='ff-el-group'><div class=\"ff-el-input--label ff-el-is-required asterisk-right\"><label for='ff_10_email' aria-label=\"Email\">Email<\/label><\/div><div class='ff-el-input--content'><input type=\"email\" name=\"email\" id=\"ff_10_email\" class=\"ff-el-form-control\" placeholder=\"Seu email\" data-name=\"email\"  aria-invalid=\"false\" aria-required=\"true\"><\/div><\/div><\/div><\/div><div data-name=\"ff_cn_id_2\"  class='ff-t-container ff-column-container ff_columns_total_2'><div class='ff-t-cell ff-t-column-1' style='flex-basis: 50%;'><div class='ff-el-group'><div class=\"ff-el-input--label ff-el-is-required asterisk-right\"><label for='ff_10_numeric-field' aria-label=\"Whatsapp\">Whatsapp<\/label><\/div><div class='ff-el-input--content'><input type=\"number\" name=\"numeric-field\" id=\"ff_10_numeric-field\" class=\"ff-el-form-control\" placeholder=\"Qual seu whatsapp?\" data-name=\"numeric-field\" inputmode=\"numeric\" step=\"any\"  aria-invalid=\"false\" aria-required=\"true\"><\/div><\/div><\/div><div class='ff-t-cell ff-t-column-2' style='flex-basis: 50%;'><div class='ff-el-group'><div class=\"ff-el-input--label asterisk-right\"><label for='ff_10_input_text' aria-label=\"Empresa\">Empresa<\/label><\/div><div class='ff-el-input--content'><input type=\"text\" name=\"input_text\" class=\"ff-el-form-control\" placeholder=\"Qual sua empresa?\" data-name=\"input_text\" id=\"ff_10_input_text\"  aria-invalid=\"false\" aria-required=\"false\"><\/div><\/div><\/div><\/div><div class='ff-el-group'><div class=\"ff-el-input--label ff-el-is-required asterisk-right\"><label for='ff_10_message' aria-label=\"Mensagem\">Mensagem<\/label><\/div><div class='ff-el-input--content'><textarea aria-invalid=\"false\" aria-required=\"true\" name=\"message\" id=\"ff_10_message\" class=\"ff-el-form-control\" placeholder=\"Escreva aqui sua mensagem.\" rows=\"4\" cols=\"2\" data-name=\"message\" ><\/textarea><\/div><\/div><div class='ff-el-group ff-text-right ff_submit_btn_wrapper'><button type=\"submit\" class=\"ff-btn ff-btn-submit ff-btn-md ff_btn_style wpf_has_custom_css\" >Enviar<\/button><\/div><\/fieldset><input type=\"hidden\" name=\"trp-form-language\" value=\"en\"\/><\/form><div id='fluentform_10_errors' class='ff-errors-in-stack ff_form_instance_10_1 ff-form-loading_errors ff_form_instance_10_1_errors'><\/div><\/div>        <script type=\"text\/javascript\">\n            window.fluent_form_ff_form_instance_10_1 = {\"id\":\"10\",\"settings\":{\"layout\":{\"labelPlacement\":\"top\",\"helpMessagePlacement\":\"with_label\",\"errorMessagePlacement\":\"inline\",\"cssClassName\":\"\",\"asteriskPlacement\":\"asterisk-right\"},\"restrictions\":{\"denyEmptySubmission\":{\"enabled\":false}}},\"form_instance\":\"ff_form_instance_10_1\",\"form_id_selector\":\"fluentform_10\",\"rules\":{\"names[first_name]\":{\"required\":{\"value\":true,\"message\":\"Digite seu nome completo\",\"global\":false,\"global_message\":\"Este campo \\u00e9 obrigat\\u00f3rio\"}},\"names[middle_name]\":{\"required\":{\"value\":false,\"message\":\"This field is required\",\"global\":false,\"global_message\":\"Este campo \\u00e9 obrigat\\u00f3rio\"}},\"names[last_name]\":{\"required\":{\"value\":false,\"message\":\"This field is required\",\"global\":false,\"global_message\":\"Este campo \\u00e9 obrigat\\u00f3rio\"}},\"email\":{\"required\":{\"value\":true,\"message\":\"O campo de email \\u00e9 obrigat\\u00f3rio\",\"global\":false,\"global_message\":\"Este campo \\u00e9 obrigat\\u00f3rio\"},\"email\":{\"value\":true,\"message\":\"Precisamos saber qual seu email\",\"global\":false,\"global_message\":\"Este campo deve conter um e-mail v\\u00e1lido\"}},\"numeric-field\":{\"required\":{\"value\":true,\"message\":\"O campo de WhatsApp \\u00e9 obrigat\\u00f3rio\",\"global\":false,\"global_message\":\"Este campo \\u00e9 obrigat\\u00f3rio\"},\"numeric\":{\"value\":true,\"message\":\"This field must contain numeric value\",\"global\":false,\"global_message\":\"Este campo deve conter valor num\\u00e9rico\"},\"min\":{\"value\":\"\",\"message\":\"Minimum value is \",\"global\":false,\"global_message\":\"A valida\\u00e7\\u00e3o falhou para o valor m\\u00ednimo\"},\"max\":{\"value\":\"\",\"message\":\"Maximum value is \",\"global\":false,\"global_message\":\"A valida\\u00e7\\u00e3o falha para o valor m\\u00e1ximo\"}},\"input_text\":{\"required\":{\"value\":false,\"message\":\"Campo obrigat\\u00f3rio\",\"global\":false,\"global_message\":\"Este campo \\u00e9 obrigat\\u00f3rio\"}},\"message\":{\"required\":{\"value\":true,\"message\":\"Precisamos saber sobre a sua empresa. \",\"global\":false,\"global_message\":\"Este campo \\u00e9 obrigat\\u00f3rio\"}}},\"debounce_time\":300};\n                    <\/script>\n        \n<\/div><\/div><\/div><\/div><\/div>","protected":false},"excerpt":{"rendered":"","protected":false},"author":1,"featured_media":0,"parent":0,"menu_order":0,"comment_status":"closed","ping_status":"closed","template":"","meta":{"footnotes":""},"class_list":["post-279289","page","type-page","status-publish","hentry"],"_links":{"self":[{"href":"https:\/\/selectce.com.br\/en\/wp-json\/wp\/v2\/pages\/279289","targetHints":{"allow":["GET"]}}],"collection":[{"href":"https:\/\/selectce.com.br\/en\/wp-json\/wp\/v2\/pages"}],"about":[{"href":"https:\/\/selectce.com.br\/en\/wp-json\/wp\/v2\/types\/page"}],"author":[{"embeddable":true,"href":"https:\/\/selectce.com.br\/en\/wp-json\/wp\/v2\/users\/1"}],"replies":[{"embeddable":true,"href":"https:\/\/selectce.com.br\/en\/wp-json\/wp\/v2\/comments?post=279289"}],"version-history":[{"count":13,"href":"https:\/\/selectce.com.br\/en\/wp-json\/wp\/v2\/pages\/279289\/revisions"}],"predecessor-version":[{"id":280337,"href":"https:\/\/selectce.com.br\/en\/wp-json\/wp\/v2\/pages\/279289\/revisions\/280337"}],"wp:attachment":[{"href":"https:\/\/selectce.com.br\/en\/wp-json\/wp\/v2\/media?parent=279289"}],"curies":[{"name":"wp","href":"https:\/\/api.w.org\/{rel}","templated":true}]}}