
{"id":244228,"date":"2025-04-26T16:15:08","date_gmt":"2025-04-26T19:15:08","guid":{"rendered":"https:\/\/select25.selectce.com.br\/?page_id=244228"},"modified":"2026-02-01T00:08:50","modified_gmt":"2026-02-01T03:08:50","slug":"a-select","status":"publish","type":"page","link":"https:\/\/selectce.com.br\/en\/a-select\/","title":{"rendered":"THE STUDIO"},"content":{"rendered":"<div class=\"et_pb_section_0 et_pb_section et_section_regular et_block_section\"><div class=\"et_pb_row_0 et_pb_row et_block_row\"><div class=\"et_pb_column_0 et_pb_column et_pb_column_4_4 et-last-child et_block_column et_pb_css_mix_blend_mode_passthrough\"><div class=\"et_pb_text_0 et_pb_text et_pb_bg_layout_light et_pb_module et_block_module et_pb_text_align_left\"><div class=\"et_pb_text_inner\"><p>SELECT COMUNICA\u00c7\u00c3O ESTRAT\u00c9GICA<\/p>\n<\/div><\/div><div class=\"et_pb_text_1 et_pb_text et_pb_bg_layout_light et_pb_module et_block_module et_pb_text_align_left\"><div class=\"et_pb_text_inner\"><h1>O DIGITAL \u00c9 O NOSSO TERRIT\u00d3RIO.<\/h1>\n<\/div><\/div><div class=\"et_pb_text_2 et_pb_text et_pb_bg_layout_light et_pb_module et_block_module et_pb_text_align_left\"><div class=\"et_pb_text_inner\"><div class=\"ql-block\" data-block-id=\"block-ded91478-c86e-4e49-ba19-665eab1c5425\">\n<p data-start=\"200\" data-end=\"287\" class=\"\">O mundo mudou. O comportamento do consumidor mudou. E a forma de fazer neg\u00f3cios tamb\u00e9m.<\/p>\n<p data-start=\"289\" data-end=\"433\" class=\"\"><strong>Hoje, o primeiro contato com uma marca acontece em uma tela, em um clique, em uma busca.<br \/>\u00c9 nessa primeira impress\u00e3o digital que tudo \u00e9 decidido.<\/strong><\/p>\n<p data-start=\"435\" data-end=\"730\" class=\"\">Na <strong>Select<\/strong>, n\u00e3o apenas constru\u00edmos sites. <strong>Criamos experi\u00eancias capazes de transformar presen\u00e7as online em verdadeiras m\u00e1quinas de convers\u00e3o<\/strong>. Seja um site institucional que gera autoridade ou uma loja virtual que impulsiona vendas, desenvolvemos solu\u00e7\u00f5es digitais que encantam, convencem e vendem.<\/p>\n<p data-start=\"732\" data-end=\"950\" class=\"\">Mais do que design e tecnologia, entregamos estrat\u00e9gia, performance e identidade. Trabalhamos com dados, mas criamos com alma. Dominamos o c\u00f3digo, mas entendemos de gente. Criamos com m\u00e9todo, mas entregamos com paix\u00e3o.<\/p>\n<p data-start=\"952\" data-end=\"1143\" class=\"\">Acreditamos no potencial de cada neg\u00f3cio e sabemos que a presen\u00e7a digital \u00e9 a maior arma para explor\u00e1-lo. Por isso, somos mais que uma ag\u00eancia: somos parceiros na miss\u00e3o de vender no digital.<\/p>\n<p data-start=\"1145\" data-end=\"1259\" class=\"\"><strong>Transformamos ideias em sites. Sites em vendas. Vendas em crescimento real.<\/strong><br data-start=\"1220\" data-end=\"1223\" \/><strong>E n\u00e3o paramos at\u00e9 que isso aconte\u00e7a.<\/strong><\/p>\n<\/div>\n<\/div><\/div><\/div><\/div><\/div><div class=\"et_pb_section_1 et_pb_section et_section_specialty et_pb_gutters3 et_block_section\"><div class=\"et_pb_row et_block_row\"><div class=\"et_pb_column_1 et_pb_column et_pb_column_single et_pb_column_1_2 et_block_column et_pb_css_mix_blend_mode_passthrough\"><div class=\"et_pb_text_3 et_pb_text et_pb_bg_layout_light et_pb_module et_block_module et_pb_text_align_left\"><div class=\"et_pb_text_inner\"><p>DESDE 2012 ENTREGANDO VALOR E RESULTADO.<\/p>\n<\/div><\/div><div class=\"et_pb_text_4 et_pb_text et_pb_bg_layout_light et_pb_module et_block_module et_pb_text_align_left\"><div class=\"et_pb_text_inner\"><h1>MARCAS QUE CONFIAM NO NOSSO TRABALHO<\/h1>\n<\/div><\/div><div class=\"et_pb_text_5 et_pb_text et_pb_bg_layout_light et_pb_module et_block_module et_pb_text_align_left\"><div class=\"et_pb_text_inner\"><p>\u00c9 uma honra caminhar ao lado de empresas que acreditam no nosso trabalho e compartilham conosco o objetivo de <strong>crescer no mundo digital<\/strong>.<\/p>\n<p>Cada marca que voc\u00ea v\u00ea aqui representa mais que um cliente \u2014 representa uma parceria de valor, constru\u00edda com dedica\u00e7\u00e3o, estrat\u00e9gia e resultados que falam por si.<strong> Juntos, transformamos ideias em solu\u00e7\u00f5es digitais, sites e lojas virtuais que geram oportunidades e impulsionam neg\u00f3cios.<\/strong><\/p>\n<\/div><\/div><\/div><div class=\"et_pb_column_2 et_pb_column et_pb_specialty_column et_pb_column_1_2 et-last-child et_block_column et_pb_css_mix_blend_mode_passthrough\"><div class=\"et_pb_row_inner_0 et_pb_row_inner et_block_row\"><div class=\"et_pb_column_inner_0 et_pb_column_inner et_pb_column et_pb_column_4_4 et-last-child et_block_column et_pb_css_mix_blend_mode_passthrough\"><\/div><\/div><\/div><\/div><\/div><div class=\"et_pb_section_2 et_pb_section et_section_regular et_block_section\"><div class=\"et_pb_row_1 et_pb_row et_block_row\"><div class=\"et_pb_column_3 et_pb_column et_pb_column_3_5 et_block_column et_pb_css_mix_blend_mode_passthrough\"><div class=\"et_pb_text_6 et_pb_text et_pb_bg_layout_light et_pb_module et_block_module et_pb_text_align_left\"><div class=\"et_pb_text_inner\"><p>CRIAMOS SITES E LOJAS VIRTUAIS<\/p>\n<\/div><\/div><div class=\"et_pb_text_7 et_pb_text et_pb_bg_layout_light et_pb_module et_block_module et_pb_text_align_left\"><div class=\"et_pb_text_inner\"><h1>SELECTNEWS<\/h1>\n<\/div><\/div><\/div><div class=\"et_pb_column_4 et_pb_column et_pb_column_2_5 et-last-child et_block_column et_pb_css_mix_blend_mode_passthrough\"><div class=\"et_pb_text_8 et_pb_text et_pb_bg_layout_light et_pb_module et_block_module et_pb_text_align_left\"><div class=\"et_pb_text_inner\"><p><strong>Dicas pr\u00e1ticas de marketing e estrat\u00e9gias para posicionar sua marca no digital.<\/strong> Compartilhamos tend\u00eancias, novidades e insights do mercado para ajudar empres\u00e1rios a impulsionarem seus neg\u00f3cios.<\/p>\n<\/div><\/div><\/div><\/div><div class=\"et_pb_row_2 et_pb_row et_block_row\"><div class=\"et_pb_column_5 et_pb_column et_pb_column_4_4 et-last-child et_block_column et_pb_css_mix_blend_mode_passthrough\"><\/div><\/div><\/div>","protected":false},"excerpt":{"rendered":"","protected":false},"author":1,"featured_media":279466,"parent":0,"menu_order":0,"comment_status":"closed","ping_status":"closed","template":"","meta":{"_et_pb_use_builder":"on","_et_pb_old_content":"","_et_gb_content_width":"","footnotes":""},"class_list":["post-244228","page","type-page","status-publish","has-post-thumbnail","hentry"],"_links":{"self":[{"href":"https:\/\/selectce.com.br\/en\/wp-json\/wp\/v2\/pages\/244228","targetHints":{"allow":["GET"]}}],"collection":[{"href":"https:\/\/selectce.com.br\/en\/wp-json\/wp\/v2\/pages"}],"about":[{"href":"https:\/\/selectce.com.br\/en\/wp-json\/wp\/v2\/types\/page"}],"author":[{"embeddable":true,"href":"https:\/\/selectce.com.br\/en\/wp-json\/wp\/v2\/users\/1"}],"replies":[{"embeddable":true,"href":"https:\/\/selectce.com.br\/en\/wp-json\/wp\/v2\/comments?post=244228"}],"version-history":[{"count":21,"href":"https:\/\/selectce.com.br\/en\/wp-json\/wp\/v2\/pages\/244228\/revisions"}],"predecessor-version":[{"id":280335,"href":"https:\/\/selectce.com.br\/en\/wp-json\/wp\/v2\/pages\/244228\/revisions\/280335"}],"wp:featuredmedia":[{"embeddable":true,"href":"https:\/\/selectce.com.br\/en\/wp-json\/wp\/v2\/media\/279466"}],"wp:attachment":[{"href":"https:\/\/selectce.com.br\/en\/wp-json\/wp\/v2\/media?parent=244228"}],"curies":[{"name":"wp","href":"https:\/\/api.w.org\/{rel}","templated":true}]}}